{"id":11657,"date":"2020-10-05T11:34:53","date_gmt":"2020-10-05T11:34:53","guid":{"rendered":"https:\/\/www.cykelfabriken.se\/environment-policy\/"},"modified":"2024-07-07T17:59:48","modified_gmt":"2024-07-07T17:59:48","slug":"environment-policy","status":"publish","type":"page","link":"https:\/\/cykelfabriken.se\/en\/environment-policy\/","title":{"rendered":"Environment policy"},"content":{"rendered":"\n\t<div id=\"gap-1335063602\" class=\"gap-element clearfix\" style=\"display:block; height:auto;\">\n\t\t\n<style>\n#gap-1335063602 {\n  padding-top: 50px;\n}\n<\/style>\n\t<\/div>\n\t\n\n\n\t<section class=\"section\" id=\"section_1805584458\">\n\t\t<div class=\"section-bg fill\" >\n\t\t\t\t\t\t\t\t\t\n\t\t\t\n\n\t\t<\/div>\n\n\t\t\n\n\t\t<div class=\"section-content relative\">\n\t\t\t\n\n<div class=\"row align-middle align-center\"  id=\"row-1443313973\">\n\n\n\t<div id=\"col-332337979\" class=\"col medium-10 small-12 large-10\"  >\n\t\t\t\t<div class=\"col-inner\"  >\n\t\t\t\n\t\t\t\n\n<h1 class=\"alt-font\"><span style=\"font-size: 220%;\">Milj\u00f6policy<\/span><\/h1>\n\n\t\t<\/div>\n\t\t\t\t\t<\/div>\n\n\t\n\n<\/div>\n<div class=\"row row-full-width align-center\"  id=\"row-1958564154\">\n\n\n\t<div id=\"col-1979526488\" class=\"col medium-10 small-12 large-5\"  >\n\t\t\t\t<div class=\"col-inner\"  >\n\t\t\t\n\t\t\t\n\n\t<div id=\"text-390597698\" class=\"text\">\n\t\t\n\n<p class=\"alt-font\"><span style=\"font-size: 120%;\">Cykelfabriken bidrar till en h\u00e5llbar samh\u00e4llsutveckling genom att erbjuda \u201den cykel f\u00f6r alla\u201d dvs kundanpassade cyklar och cykeltransportl\u00f6sningar som ger l\u00e5ngsiktigt minskad milj\u00f6p\u00e5verkan. Cykelfabrikens str\u00e4var efter att bygga cyklar med l\u00e5ng h\u00e5llbarhet, och v\u00e4ljer d\u00e4rf\u00f6r robusta material som \u00e4ven ska kunna \u00e5tervinnas. Vi s\u00f6ker st\u00e4ndigt f\u00f6rb\u00e4ttringar inom alla omr\u00e5den d\u00e4r vi p\u00e5verkar milj\u00f6n, genom v\u00e5ra val av material, leverant\u00f6rer och transporter. Detta g\u00f6r vi genom att:<\/span><\/p>\n<ul>\n<li class=\"alt-font\"><span style=\"font-size: 120%;\">St\u00e4ndigt utveckla nya modeller efter kundernas behov f\u00f6r att n\u00e5 ut till fler och \u00f6ka cyklandet i samh\u00e4llet.<\/span><\/li>\n<li class=\"alt-font\"><span style=\"font-size: 120%;\">I samarbete med v\u00e5ra underleverant\u00f6rer s\u00f6ka b\u00e4ttre l\u00f6sningar f\u00f6r t ex minskad materialanv\u00e4ndning och s\u00e4krare och b\u00e4ttre tillverkningsmetoder.<\/span><\/li>\n<li class=\"alt-font\"><span style=\"font-size: 120%;\">Vid val av tillbeh\u00f6r till cyklarna se till leverant\u00f6rens milj\u00f6profil, och d\u00e4r det \u00e4r m\u00f6jligt anv\u00e4nda produkter som \u00e4r goda milj\u00f6val, t ex d\u00e4ck med \u00e5teranv\u00e4nt gummi.<\/span><\/li>\n<li class=\"alt-font\"><span style=\"font-size: 120%;\">Vid val av transportbolag i m\u00f6jligaste m\u00e5n v\u00e4lja s\u00e5dana bolag som \u00e4r medvetna om sin milj\u00f6p\u00e5verkan och agerar d\u00e4refter.<br \/><br \/><\/span><\/li>\n<\/ul>\n<h2 class=\"alt-font\"><span style=\"font-size: 120%;\">Cykelfabrikens milj\u00f6p\u00e5verkan:<strong><br \/><\/strong><\/span><\/h2>\n<p class=\"alt-font\"><span style=\"font-size: 120%;\">Den st\u00f6rsta milj\u00f6p\u00e5verkan \u00e4r transporterna, vilka oftast utf\u00f6rs med lastbil. Detta g\u00e4ller b\u00e5de leveranser av material till oss, och n\u00e4r cyklar ska levereras fr\u00e5n oss till kund.<\/span><\/p>\n<p class=\"alt-font\"><span style=\"font-size: 120%;\">I \u00f6vrigt ligger den huvudsakliga milj\u00f6p\u00e5verkan i produktionen hos v\u00e5ra underleverant\u00f6rer, fr\u00e5n st\u00e5lindustri till d\u00e4ckstillverkare, se redog\u00f6relsen nedan.<\/span><\/p>\n<h2 class=\"alt-font\"><span style=\"font-size: 120%;\">Kvalitet<strong><br \/><\/strong><\/span><\/h2>\n<p class=\"alt-font\"><span style=\"font-size: 120%;\">F\u00f6r oss p\u00e5 Cykelfabriken handlar kvalitet inte bara om att v\u00e4lja r\u00e4tt material och komponenter. Det handlar ocks\u00e5 om att s\u00e4tta anv\u00e4ndarens s\u00e4kerhet i fr\u00e4msta rummet. Under produktionen av ramen testas h\u00e5llbarheten i svetsfogarna och att pulverlacken har t\u00e4ckt alla exponerade ytor. Under montagedelen av cykeltillverkningen kontrolleras alla skruvar och ingen cykel levereras till k\u00f6paren utan att den f\u00f6rst har testk\u00f6rts.<\/span><\/p>\n\t\t\n<style>\n#text-390597698 {\n  line-height: 1.65;\n}\n<\/style>\n\t<\/div>\n\t\n\n\t\t<\/div>\n\t\t\t\t\t<\/div>\n\n\t\n\n\t<div id=\"col-2138899314\" class=\"col medium-10 small-12 large-5\"  >\n\t\t\t\t<div class=\"col-inner\"  >\n\t\t\t\n\t\t\t\n\n\t<div id=\"text-1785837364\" class=\"text\">\n\t\t\n\n<h2 class=\"alt-font\"><span style=\"font-size: 120%;\">Milj\u00f6p\u00e5verkan fr\u00e5n material i Cykelfabrikens cyklar<strong><br \/><br \/><\/strong><\/span><\/h2>\n<p class=\"alt-font\"><span style=\"font-size: 120%;\">Cykelfabrikens cyklar best\u00e5r av pulverlackerade st\u00e5lramar, l\u00e5dcyklarna har l\u00e5dor av plywood.<\/span><\/p>\n<p class=\"alt-font\"><span style=\"font-size: 120%;\">Att st\u00e5ltillverkning p\u00e5verkar milj\u00f6n g\u00e5r inte att undvika. St\u00e5lindustrin arbetar aktivt med milj\u00f6fr\u00e5gor och processerna utvecklas st\u00e4ndigt f\u00f6r att minimera milj\u00f6p\u00e5verkan p\u00e5 luft, vatten och mark. Allt st\u00e5l kan \u00e5tervinnas och \u00e5teranv\u00e4ndas \u2013 om och om igen! \u00c4ven st\u00e5l som \u00e4r ytbehandlat g\u00e5r att \u00e5tervinna. N\u00e4r den behandlade st\u00e5lprodukten \u00e5tervinns och st\u00e5let sm\u00e4lts ner hamnar bel\u00e4ggningen i r\u00f6kgasstoftet och tas om hand.<\/span><\/p>\n<p class=\"alt-font\"><span style=\"font-size: 120%;\">Ett objekt som lackerats med pulverlack har h\u00f6gre livsl\u00e4ngd \u00e4n t ex kromade eller f\u00f6rzinkade objekt. J\u00e4mf\u00f6rt med traditionell lackering \u00e4r pulverlackering mycket mindre milj\u00f6f\u00f6rst\u00f6rande, och modernisering av metoderna p\u00e5g\u00e5r st\u00e4ndigt. Pulverlackens \u00e5terst\u00e5ende f\u00e4rg som inte tr\u00e4ffat objektet kan \u00e5tervinnas och anv\u00e4ndas p\u00e5 nytt.<\/span><\/p>\n<p class=\"alt-font\"><span style=\"font-size: 120%;\">Gummid\u00e4ck inneh\u00e5ller HA-oljor (h\u00f6garomatiska oljor) som \u00e4r en biprodukt fr\u00e5n oljeraffinaderier. F\u00f6r bilar finns ett stort utbud av HA-oljefria d\u00e4ck, och det dr\u00f6jer troligtvis inte l\u00e4nge innan detta \u00e4ven g\u00e4ller f\u00f6r cykeld\u00e4cken. Gummid\u00e4ck kan ocks\u00e5 \u00e5tervinnas, antingen som material eller som energi.<\/span><\/p>\n<p class=\"alt-font\"><span style=\"font-size: 120%;\">Cykelfabriken Stockholm anv\u00e4nder bl a Schwalbe d\u00e4ck, som har lanserat ett d\u00e4ck som best\u00e5r av en tredjedel \u00e5tervunnet gummi och f\u00f6rhoppningsvis kommer detta att bli standard i fler av deras modeller.<\/span><\/p>\n<p class=\"alt-font\"><span style=\"font-size: 120%;\">L\u00e5dcyklarnas tr\u00e4l\u00e5dor \u00e4r byggda av vattenavst\u00f6tande plywood. Plywood \u00e4r en tr\u00e4baserad produkt som kan \u00e5teranv\u00e4ndas p\u00e5 samma s\u00e4tt som tr\u00e4. Det vattenavst\u00f6tande yttre skiktet kan best\u00e5 av fenolfilm vilket \u00e4r en milj\u00f6farlig produkt. Den uppg\u00e5r dock bara till 0,001% av plywoodskivan.<\/span><\/p>\n\t\t\n<style>\n#text-1785837364 {\n  line-height: 1.65;\n}\n<\/style>\n\t<\/div>\n\t\n\n\t\t<\/div>\n\t\t\t\t\n<style>\n#col-2138899314 > .col-inner {\n  padding: 0px 0px 0px 20px;\n}\n<\/style>\n\t<\/div>\n\n\t\n\n<\/div>\n\n\t\t<\/div>\n\n\t\t\n<style>\n#section_1805584458 {\n  padding-top: 30px;\n  padding-bottom: 30px;\n}\n<\/style>\n\t<\/section>\n\t\n\n","protected":false},"excerpt":{"rendered":"","protected":false},"author":1,"featured_media":0,"parent":0,"menu_order":0,"comment_status":"closed","ping_status":"closed","template":"page-blank.php","meta":{"footnotes":""},"class_list":["post-11657","page","type-page","status-publish","hentry"],"acf":[],"_links":{"self":[{"href":"https:\/\/cykelfabriken.se\/en\/wp-json\/wp\/v2\/pages\/11657","targetHints":{"allow":["GET"]}}],"collection":[{"href":"https:\/\/cykelfabriken.se\/en\/wp-json\/wp\/v2\/pages"}],"about":[{"href":"https:\/\/cykelfabriken.se\/en\/wp-json\/wp\/v2\/types\/page"}],"author":[{"embeddable":true,"href":"https:\/\/cykelfabriken.se\/en\/wp-json\/wp\/v2\/users\/1"}],"replies":[{"embeddable":true,"href":"https:\/\/cykelfabriken.se\/en\/wp-json\/wp\/v2\/comments?post=11657"}],"version-history":[{"count":5,"href":"https:\/\/cykelfabriken.se\/en\/wp-json\/wp\/v2\/pages\/11657\/revisions"}],"predecessor-version":[{"id":26097,"href":"https:\/\/cykelfabriken.se\/en\/wp-json\/wp\/v2\/pages\/11657\/revisions\/26097"}],"wp:attachment":[{"href":"https:\/\/cykelfabriken.se\/en\/wp-json\/wp\/v2\/media?parent=11657"}],"curies":[{"name":"wp","href":"https:\/\/api.w.org\/{rel}","templated":true}]}}